{"id":53,"date":"2012-11-22T10:28:21","date_gmt":"2012-11-22T09:28:21","guid":{"rendered":"http:\/\/www.locationski-plagnemontalbert.fr\/english\/?page_id=53"},"modified":"2013-09-02T16:31:17","modified_gmt":"2013-09-02T15:31:17","slug":"legal-notice","status":"publish","type":"page","link":"https:\/\/www.locationski-plagnemontalbert.fr\/english\/legal-notice\/","title":{"rendered":"Legal notice"},"content":{"rendered":"<p>Le site <a href=\"http:\/\/www.locationski-plagnemontalbert.fr\/english\">www.locationski-plagnemontalbert.fr\/english<\/a> que vous consultez actuellement est la propri\u00e9t\u00e9 de :<br \/> SARL Bliss<\/p>\n<h3><strong>1- HEBERGEMENT DU SITE<\/strong><\/h3>\n<p>Ce site est h\u00e9berg\u00e9 par :<br \/> 1&amp;1 Internet SARL<br \/> 7, place de la Gare<br \/> BP 70109<br \/> 57201 Sarreguemines Cedex<br \/> Tel : 0825 080 020<\/p>\n<h3><strong>2- CREATION \u2013 DEVELOPPEMENTS DU SITE<\/strong><\/h3>\n<p>Conception \u2013 r\u00e9alisation et d\u00e9veloppement : <a href=\"http:\/\/www.vistacom.fr\" target=\"_blank\">Agence VISTACOM<\/a><\/p>\n<h3><strong>3- Informatique et libert\u00e9s (CNIL)<\/strong><\/h3>\n<p>La soci\u00e9t\u00e9 s\u2019engage \u00e0 respecter votre vie priv\u00e9e et \u00e0 prot\u00e9ger les informations que vous lui communiquez..<\/p>\n<h3><strong>4- Droit d\u2019auteur \/ Copyright<\/strong><\/h3>\n<p>L\u2019acc\u00e8s au site <a href=\"http:\/\/www.locationski-plagnemontalbert.fr\/english\">www.locationski-plagnemontalbert.fr\/english<\/a> vous conf\u00e8re un droit d\u2019usage priv\u00e9 et non exclusif de ce site.<br \/> L\u2019ensemble des informations pr\u00e9sentes sur ce site peuvent \u00eatre t\u00e9l\u00e9charg\u00e9es, reproduites, imprim\u00e9es sous r\u00e9serve de :<br \/> * n\u2019utiliser de telles informations qu\u2019\u00e0 des fins personnelles et en aucune mani\u00e8re \u00e0 des fins commerciales ;<br \/> * ne pas modifier de telles informations ;<br \/> * reproduire sur toutes copies la mention des droits d\u2019auteur ;<\/p>\n<p>Toute autre utilisation non express\u00e9ment autoris\u00e9e est strictement interdite sans autorisation pr\u00e9alable;<br \/> L\u2019utilisation frauduleuse de la marque ou de tout autre contenu du site internet est totalement interdite.<\/p>\n<h3><strong>5- Responsabilit\u00e9<\/strong><\/h3>\n<p>Les informations publi\u00e9es sur ce site sont donn\u00e9es de bonne foi, mais sans garantie d\u2019aucune sorte, et sont fonction des informations que nous obtenons de nos sources habituelles, apr\u00e8s validation.<br \/> Nous nous effor\u00e7ons de v\u00e9rifier dans toute la mesure du possible, le bien-fond\u00e9 des informations port\u00e9es \u00e0 la connaissance du public<br \/> Toutefois, nous ne pouvons \u00eatre tenus pour responsable de l\u2019exactitude, des erreurs et des omissions \u00e9ventuelles contenues sur ce site, , et n\u2019assumons aucune responsabilit\u00e9 relative \u00e0 l\u2019utilisation de ces informations par les lecteurs. L\u2019utilisateur est seul responsable de l\u2019utilisation qu\u2019il en fait.<\/p>\n<p>Nous nous r\u00e9servons le droit de modifier \u00e0 tout moment les pr\u00e9sentes informations notamment en actualisant ce site.<br \/> L\u2019utilisateur s\u2019engage \u00e0 ne transmettre sur ce site aucune information pouvant entra\u00eener une responsabilit\u00e9 civile ou p\u00e9nale et s\u2019engage \u00e0 ce titre \u00e0 ne pas divulguer via ce site des informations ill\u00e9gales, contraires \u00e0 l\u2019ordre public ou diffamatoires.<\/p>\n<h3><strong>6- Lien vers d\u2019autres sites<\/strong><\/h3>\n<p>Des liens vers d\u2019autres sites peuvent vous faire sortir du site <a href=\"http:\/\/www.locationski-plagnemontalbert.fr\/english\">www.locationski-plagnemontalbert.fr\/english<\/a> . Nous n\u2019acceptons aucune responsabilit\u00e9 pour la forme, le contenu, la v\u00e9racit\u00e9 des informations et la fonction de ces sites. Ces liens sont \u00e9tablis de bonne foi et nous ne pouvons \u00eatre tenus pour responsables du contenu de ces sites.<\/p>\n<h3><strong>7- Indisponibilit\u00e9 du site <a href=\"http:\/\/www.locationski-plagnemontalbert.fr\/english\">www.locationski-plagnemontalbert.fr\/english<\/a><\/strong><\/h3>\n<p>Nous nous engageons \u00e0 faire nos meilleurs efforts pour assurer aux utilisateurs une accessibilit\u00e9 du site \u00e0 tout moment. Nous ne pourrons \u00eatre tenus responsables, en cas d\u2019indisponibilit\u00e9 du site, pour quelque cause que ce soit.<\/p>\n<p><strong>Contact<\/strong><\/p>\n<p>Pour nous contacter, vous pouvez le faire \u00e0 l\u2019adresse suivante : <a href=\"http:\/\/www.locationski-plagnemontalbert.fr\/english\/contact\/\">Formulaire de Contact<\/a><\/p>\n","protected":false},"excerpt":{"rendered":"<p>Le site www.locationski-plagnemontalbert.fr\/english que vous consultez actuellement est la propri\u00e9t\u00e9 de : SARL Bliss 1- HEBERGEMENT DU SITE Ce site est h\u00e9berg\u00e9 par : 1&amp;1 Internet SARL 7, place de la Gare BP 70109 57201 Sarreguemines Cedex Tel : 0825 &hellip; <a href=\"https:\/\/www.locationski-plagnemontalbert.fr\/english\/legal-notice\/\">Continuer la lecture <span class=\"meta-nav\">&rarr;<\/span><\/a><\/p>\n","protected":false},"author":1,"featured_media":0,"parent":0,"menu_order":0,"comment_status":"closed","ping_status":"closed","template":"","meta":{"ngg_post_thumbnail":0},"_links":{"self":[{"href":"https:\/\/www.locationski-plagnemontalbert.fr\/english\/wp-json\/wp\/v2\/pages\/53"}],"collection":[{"href":"https:\/\/www.locationski-plagnemontalbert.fr\/english\/wp-json\/wp\/v2\/pages"}],"about":[{"href":"https:\/\/www.locationski-plagnemontalbert.fr\/english\/wp-json\/wp\/v2\/types\/page"}],"author":[{"embeddable":true,"href":"https:\/\/www.locationski-plagnemontalbert.fr\/english\/wp-json\/wp\/v2\/users\/1"}],"replies":[{"embeddable":true,"href":"https:\/\/www.locationski-plagnemontalbert.fr\/english\/wp-json\/wp\/v2\/comments?post=53"}],"version-history":[{"count":7,"href":"https:\/\/www.locationski-plagnemontalbert.fr\/english\/wp-json\/wp\/v2\/pages\/53\/revisions"}],"predecessor-version":[{"id":207,"href":"https:\/\/www.locationski-plagnemontalbert.fr\/english\/wp-json\/wp\/v2\/pages\/53\/revisions\/207"}],"wp:attachment":[{"href":"https:\/\/www.locationski-plagnemontalbert.fr\/english\/wp-json\/wp\/v2\/media?parent=53"}],"curies":[{"name":"wp","href":"https:\/\/api.w.org\/{rel}","templated":true}]}}